{"id":2,"date":"2024-12-12T19:26:32","date_gmt":"2024-12-12T18:26:32","guid":{"rendered":"https:\/\/www.altior.global\/?page_id=2"},"modified":"2024-12-29T15:15:18","modified_gmt":"2024-12-29T14:15:18","slug":"homepage","status":"publish","type":"page","link":"https:\/\/www.altior.global\/fr\/","title":{"rendered":"Le bien-\u00eatre comme moteur de performance."},"content":{"rendered":"\t\t<div data-elementor-type=\"wp-page\" data-elementor-id=\"2\" class=\"elementor elementor-2\" data-elementor-post-type=\"page\">\n\t\t\t\t<div class=\"elementor-element elementor-element-5b36863e container-xxl e-flex e-con-boxed e-con e-parent\" data-id=\"5b36863e\" data-element_type=\"container\">\n\t\t\t\t\t<div class=\"e-con-inner\">\n\t\t<div class=\"elementor-element elementor-element-fece979 e-con-full col-12 col-lg-10 offset-lg-1 e-flex e-con e-child\" data-id=\"fece979\" data-element_type=\"container\">\n\t\t\t\t<div class=\"elementor-element elementor-element-12e0eba elementor-widget elementor-widget-stereoweb-image-slider\" data-id=\"12e0eba\" data-element_type=\"widget\" data-widget_type=\"stereoweb-image-slider.default\">\n\t\t\t\t<div class=\"elementor-widget-container\">\n\t\t\t\t\t        <div class=\"stereoweb-image-slider__wrapper col-12\">\n            <div class=\"splide\"\n                 data-per-page=\"1\"\n                 data-pagination=\"2000\"\n                 data-interval=\"3000\">\n                <div class=\"splide__track horizontal-16-9\" data-splide-el=\"track\">\n                    <div class=\"splide__list\">\n                        \n                             <div class=\"splide__slide\">\n                                 <img fetchpriority=\"high\" width=\"1920\" height=\"1043\" src=\"https:\/\/www.altior.global\/wp-content\/uploads\/2024\/12\/Hero-7.jpg\" class=\"attachment-horizontal-16-9 size-horizontal-16-9\" alt=\"\" decoding=\"sync\" loading=\"eager\" srcset=\"https:\/\/www.altior.global\/wp-content\/uploads\/2024\/12\/Hero-7.jpg 1920w, https:\/\/www.altior.global\/wp-content\/uploads\/2024\/12\/Hero-7-800x435.jpg 800w, https:\/\/www.altior.global\/wp-content\/uploads\/2024\/12\/Hero-7-1600x869.jpg 1600w, https:\/\/www.altior.global\/wp-content\/uploads\/2024\/12\/Hero-7-768x417.jpg 768w, https:\/\/www.altior.global\/wp-content\/uploads\/2024\/12\/Hero-7-1536x834.jpg 1536w, https:\/\/www.altior.global\/wp-content\/uploads\/2024\/12\/Hero-7-400x217.jpg 400w\" sizes=\"(max-width: 1920px) 100vw, 1920px\" \/>\n                             <\/div>\n                        \n                             <div class=\"splide__slide\">\n                                 <img width=\"1920\" height=\"1043\" src=\"https:\/\/www.altior.global\/wp-content\/uploads\/2024\/12\/Hero-6-1-1.jpg\" class=\"attachment-horizontal-16-9 size-horizontal-16-9\" alt=\"\" decoding=\"sync\" loading=\"eager\" srcset=\"https:\/\/www.altior.global\/wp-content\/uploads\/2024\/12\/Hero-6-1-1.jpg 1920w, https:\/\/www.altior.global\/wp-content\/uploads\/2024\/12\/Hero-6-1-1-800x435.jpg 800w, https:\/\/www.altior.global\/wp-content\/uploads\/2024\/12\/Hero-6-1-1-1600x869.jpg 1600w, https:\/\/www.altior.global\/wp-content\/uploads\/2024\/12\/Hero-6-1-1-768x417.jpg 768w, https:\/\/www.altior.global\/wp-content\/uploads\/2024\/12\/Hero-6-1-1-1536x834.jpg 1536w, https:\/\/www.altior.global\/wp-content\/uploads\/2024\/12\/Hero-6-1-1-400x217.jpg 400w\" sizes=\"(max-width: 1920px) 100vw, 1920px\" \/>\n                             <\/div>\n                        \n                             <div class=\"splide__slide\">\n                                 <img width=\"1920\" height=\"1043\" src=\"https:\/\/www.altior.global\/wp-content\/uploads\/2024\/12\/Hero-5-1-1.jpg\" class=\"attachment-horizontal-16-9 size-horizontal-16-9\" alt=\"\" decoding=\"sync\" loading=\"eager\" srcset=\"https:\/\/www.altior.global\/wp-content\/uploads\/2024\/12\/Hero-5-1-1.jpg 1920w, https:\/\/www.altior.global\/wp-content\/uploads\/2024\/12\/Hero-5-1-1-800x435.jpg 800w, https:\/\/www.altior.global\/wp-content\/uploads\/2024\/12\/Hero-5-1-1-1600x869.jpg 1600w, https:\/\/www.altior.global\/wp-content\/uploads\/2024\/12\/Hero-5-1-1-768x417.jpg 768w, https:\/\/www.altior.global\/wp-content\/uploads\/2024\/12\/Hero-5-1-1-1536x834.jpg 1536w, https:\/\/www.altior.global\/wp-content\/uploads\/2024\/12\/Hero-5-1-1-400x217.jpg 400w\" sizes=\"(max-width: 1920px) 100vw, 1920px\" \/>\n                             <\/div>\n                        \n                             <div class=\"splide__slide\">\n                                 <img width=\"1920\" height=\"1043\" src=\"https:\/\/www.altior.global\/wp-content\/uploads\/2024\/12\/Hero-4-1-1.jpg\" class=\"attachment-horizontal-16-9 size-horizontal-16-9\" alt=\"\" decoding=\"sync\" loading=\"eager\" srcset=\"https:\/\/www.altior.global\/wp-content\/uploads\/2024\/12\/Hero-4-1-1.jpg 1920w, https:\/\/www.altior.global\/wp-content\/uploads\/2024\/12\/Hero-4-1-1-800x435.jpg 800w, https:\/\/www.altior.global\/wp-content\/uploads\/2024\/12\/Hero-4-1-1-1600x869.jpg 1600w, https:\/\/www.altior.global\/wp-content\/uploads\/2024\/12\/Hero-4-1-1-768x417.jpg 768w, https:\/\/www.altior.global\/wp-content\/uploads\/2024\/12\/Hero-4-1-1-1536x834.jpg 1536w, https:\/\/www.altior.global\/wp-content\/uploads\/2024\/12\/Hero-4-1-1-400x217.jpg 400w\" sizes=\"(max-width: 1920px) 100vw, 1920px\" \/>\n                             <\/div>\n                        \n                             <div class=\"splide__slide\">\n                                 <img width=\"1920\" height=\"1043\" src=\"https:\/\/www.altior.global\/wp-content\/uploads\/2024\/12\/Hero-3-1-1.jpg\" class=\"attachment-horizontal-16-9 size-horizontal-16-9\" alt=\"\" decoding=\"sync\" loading=\"eager\" srcset=\"https:\/\/www.altior.global\/wp-content\/uploads\/2024\/12\/Hero-3-1-1.jpg 1920w, https:\/\/www.altior.global\/wp-content\/uploads\/2024\/12\/Hero-3-1-1-800x435.jpg 800w, https:\/\/www.altior.global\/wp-content\/uploads\/2024\/12\/Hero-3-1-1-1600x869.jpg 1600w, https:\/\/www.altior.global\/wp-content\/uploads\/2024\/12\/Hero-3-1-1-768x417.jpg 768w, https:\/\/www.altior.global\/wp-content\/uploads\/2024\/12\/Hero-3-1-1-1536x834.jpg 1536w, https:\/\/www.altior.global\/wp-content\/uploads\/2024\/12\/Hero-3-1-1-400x217.jpg 400w\" sizes=\"(max-width: 1920px) 100vw, 1920px\" \/>\n                             <\/div>\n                        \n                             <div class=\"splide__slide\">\n                                 <img width=\"1920\" height=\"1043\" src=\"https:\/\/www.altior.global\/wp-content\/uploads\/2024\/12\/Hero-2-1-1.jpg\" class=\"attachment-horizontal-16-9 size-horizontal-16-9\" alt=\"\" decoding=\"sync\" loading=\"eager\" srcset=\"https:\/\/www.altior.global\/wp-content\/uploads\/2024\/12\/Hero-2-1-1.jpg 1920w, https:\/\/www.altior.global\/wp-content\/uploads\/2024\/12\/Hero-2-1-1-800x435.jpg 800w, https:\/\/www.altior.global\/wp-content\/uploads\/2024\/12\/Hero-2-1-1-1600x869.jpg 1600w, https:\/\/www.altior.global\/wp-content\/uploads\/2024\/12\/Hero-2-1-1-768x417.jpg 768w, https:\/\/www.altior.global\/wp-content\/uploads\/2024\/12\/Hero-2-1-1-1536x834.jpg 1536w, https:\/\/www.altior.global\/wp-content\/uploads\/2024\/12\/Hero-2-1-1-400x217.jpg 400w\" sizes=\"(max-width: 1920px) 100vw, 1920px\" \/>\n                             <\/div>\n                        \n                    <\/div>\n                <\/div>\n            <\/div>\n        <\/div>\n\t\t\t\t<\/div>\n\t\t\t\t<\/div>\n\t\t\t\t<\/div>\n\t\t\t\t\t<\/div>\n\t\t\t\t<\/div>\n\t\t<div class=\"elementor-element elementor-element-82342e1 container-xxl e-flex e-con-boxed e-con e-parent\" data-id=\"82342e1\" data-element_type=\"container\">\n\t\t\t\t\t<div class=\"e-con-inner\">\n\t\t<div class=\"elementor-element elementor-element-53661db e-con-full col-12 col-md-10 offset-md-1 col-lg-8 offset-lg-2 e-flex e-con e-child\" data-id=\"53661db\" data-element_type=\"container\">\n\t\t\t\t<div class=\"elementor-element elementor-element-7e4e764b elementor-widget elementor-widget-text-editor\" data-id=\"7e4e764b\" data-element_type=\"widget\" data-widget_type=\"text-editor.default\">\n\t\t\t\t<div class=\"elementor-widget-container\">\n\t\t\t\t\t\t\t\t\t<p class=\"h1 mt-5\" style=\"text-align: center;\">Un jeune cabinet avec une \u00e2me.<\/p>\n\n<h3 class=\"h2 mt-4 mb-5\" style=\"text-align: center;\">Altior est une Agence de Haute Performance comme vous ne l\u2019avez jamais vu auparavant.\u200b<\/h3>\n<p>Nous rassemblons des coachs multilingues issus de diverses sp\u00e9cialit\u00e9s et bas\u00e9s dans plusieurs pays, pour nous concentrer exclusivement sur les athl\u00e8tes de toutes les ar\u00e8nes : les chefs de file et employ\u00e9(e)s de haute performance, les athl\u00e8tes d&rsquo;\u00e9lite et les top leaders de leur secteur.<\/p>\n<p>Nos clients sont souvent consid\u00e9r\u00e9s comme les plus atypiques; ils pensent diff\u00e9remment, ils veulent avoir un impact positif sur leur environment.<\/p>\n<p>Afin d\u2019accompagner nos clients au niveau sup\u00e9rieur de leur carri\u00e8re, notre service repose sur un programme unique qui adopte une approche holistique : T\u00eate &#8211; Corps &#8211; C\u0153ur &#8211; Esprit.<\/p>\t\t\t\t\t\t\t\t<\/div>\n\t\t\t\t<\/div>\n\t\t\t\t<\/div>\n\t\t<div class=\"elementor-element elementor-element-a7bb948 e-con-full col-12 col-md-10 offset-md-1 col-lg-8 offset-lg-2 e-flex e-con e-child\" data-id=\"a7bb948\" data-element_type=\"container\">\n\t\t<div class=\"elementor-element elementor-element-05447d7 e-con-full col-6 col-md-3 e-flex e-con e-child\" data-id=\"05447d7\" data-element_type=\"container\">\n\t\t\t\t<div class=\"elementor-element elementor-element-019b38b elementor-widget elementor-widget-image\" data-id=\"019b38b\" data-element_type=\"widget\" data-widget_type=\"image.default\">\n\t\t\t\t<div class=\"elementor-widget-container\">\n\t\t\t\t\t\t\t\t\t\t\t\t\t\t\t<img decoding=\"async\" width=\"482\" height=\"428\" src=\"https:\/\/www.altior.global\/wp-content\/uploads\/2024\/12\/mind.png\" class=\"attachment-large size-large wp-image-187\" alt=\"\" srcset=\"https:\/\/www.altior.global\/wp-content\/uploads\/2024\/12\/mind.png 482w, https:\/\/www.altior.global\/wp-content\/uploads\/2024\/12\/mind-400x355.png 400w\" sizes=\"(max-width: 482px) 100vw, 482px\" \/>\t\t\t\t\t\t\t\t\t\t\t\t\t\t\t<\/div>\n\t\t\t\t<\/div>\n\t\t\t\t<div class=\"elementor-element elementor-element-1f3d486 elementor-widget elementor-widget-text-editor\" data-id=\"1f3d486\" data-element_type=\"widget\" data-widget_type=\"text-editor.default\">\n\t\t\t\t<div class=\"elementor-widget-container\">\n\t\t\t\t\t\t\t\t\t<p style=\"text-align: center;\">T\u00caTE<\/p>\t\t\t\t\t\t\t\t<\/div>\n\t\t\t\t<\/div>\n\t\t\t\t<\/div>\n\t\t<div class=\"elementor-element elementor-element-7e007a7 e-con-full col-6 col-md-3 e-flex e-con e-child\" data-id=\"7e007a7\" data-element_type=\"container\">\n\t\t\t\t<div class=\"elementor-element elementor-element-54a1fce elementor-widget elementor-widget-image\" data-id=\"54a1fce\" data-element_type=\"widget\" data-widget_type=\"image.default\">\n\t\t\t\t<div class=\"elementor-widget-container\">\n\t\t\t\t\t\t\t\t\t\t\t\t\t\t\t<img decoding=\"async\" width=\"482\" height=\"428\" src=\"https:\/\/www.altior.global\/wp-content\/uploads\/2024\/12\/body.png\" class=\"attachment-large size-large wp-image-181\" alt=\"\" srcset=\"https:\/\/www.altior.global\/wp-content\/uploads\/2024\/12\/body.png 482w, https:\/\/www.altior.global\/wp-content\/uploads\/2024\/12\/body-400x355.png 400w\" sizes=\"(max-width: 482px) 100vw, 482px\" \/>\t\t\t\t\t\t\t\t\t\t\t\t\t\t\t<\/div>\n\t\t\t\t<\/div>\n\t\t\t\t<div class=\"elementor-element elementor-element-655b889 elementor-widget elementor-widget-text-editor\" data-id=\"655b889\" data-element_type=\"widget\" data-widget_type=\"text-editor.default\">\n\t\t\t\t<div class=\"elementor-widget-container\">\n\t\t\t\t\t\t\t\t\t<p style=\"text-align: center;\">CORPS<\/p>\t\t\t\t\t\t\t\t<\/div>\n\t\t\t\t<\/div>\n\t\t\t\t<\/div>\n\t\t<div class=\"elementor-element elementor-element-ce508d2 e-con-full col-6 col-md-3 e-flex e-con e-child\" data-id=\"ce508d2\" data-element_type=\"container\">\n\t\t\t\t<div class=\"elementor-element elementor-element-d9e094d elementor-widget elementor-widget-image\" data-id=\"d9e094d\" data-element_type=\"widget\" data-widget_type=\"image.default\">\n\t\t\t\t<div class=\"elementor-widget-container\">\n\t\t\t\t\t\t\t\t\t\t\t\t\t\t\t<img decoding=\"async\" width=\"482\" height=\"428\" src=\"https:\/\/www.altior.global\/wp-content\/uploads\/2024\/12\/heart.png\" class=\"attachment-large size-large wp-image-184\" alt=\"\" srcset=\"https:\/\/www.altior.global\/wp-content\/uploads\/2024\/12\/heart.png 482w, https:\/\/www.altior.global\/wp-content\/uploads\/2024\/12\/heart-400x355.png 400w\" sizes=\"(max-width: 482px) 100vw, 482px\" \/>\t\t\t\t\t\t\t\t\t\t\t\t\t\t\t<\/div>\n\t\t\t\t<\/div>\n\t\t\t\t<div class=\"elementor-element elementor-element-1a645c1 elementor-widget elementor-widget-text-editor\" data-id=\"1a645c1\" data-element_type=\"widget\" data-widget_type=\"text-editor.default\">\n\t\t\t\t<div class=\"elementor-widget-container\">\n\t\t\t\t\t\t\t\t\t<p style=\"text-align: center;\">COEUR<\/p>\t\t\t\t\t\t\t\t<\/div>\n\t\t\t\t<\/div>\n\t\t\t\t<\/div>\n\t\t<div class=\"elementor-element elementor-element-36c21eb e-con-full col-6 col-md-3 e-flex e-con e-child\" data-id=\"36c21eb\" data-element_type=\"container\">\n\t\t\t\t<div class=\"elementor-element elementor-element-744e1c6 elementor-widget elementor-widget-image\" data-id=\"744e1c6\" data-element_type=\"widget\" data-widget_type=\"image.default\">\n\t\t\t\t<div class=\"elementor-widget-container\">\n\t\t\t\t\t\t\t\t\t\t\t\t\t\t\t<img loading=\"lazy\" decoding=\"async\" width=\"482\" height=\"428\" src=\"https:\/\/www.altior.global\/wp-content\/uploads\/2024\/12\/spirit.png\" class=\"attachment-large size-large wp-image-190\" alt=\"\" srcset=\"https:\/\/www.altior.global\/wp-content\/uploads\/2024\/12\/spirit.png 482w, https:\/\/www.altior.global\/wp-content\/uploads\/2024\/12\/spirit-400x355.png 400w\" sizes=\"(max-width: 482px) 100vw, 482px\" \/>\t\t\t\t\t\t\t\t\t\t\t\t\t\t\t<\/div>\n\t\t\t\t<\/div>\n\t\t\t\t<div class=\"elementor-element elementor-element-21a9382 elementor-widget elementor-widget-text-editor\" data-id=\"21a9382\" data-element_type=\"widget\" data-widget_type=\"text-editor.default\">\n\t\t\t\t<div class=\"elementor-widget-container\">\n\t\t\t\t\t\t\t\t\t<p style=\"text-align: center;\">ESPRIT<\/p>\t\t\t\t\t\t\t\t<\/div>\n\t\t\t\t<\/div>\n\t\t\t\t<\/div>\n\t\t\t\t<\/div>\n\t\t\t\t\t<\/div>\n\t\t\t\t<\/div>\n\t\t<div class=\"elementor-element elementor-element-4726c3e container-xxl e-flex e-con-boxed e-con e-parent\" data-id=\"4726c3e\" data-element_type=\"container\">\n\t\t\t\t\t<div class=\"e-con-inner\">\n\t\t\t\t<div class=\"elementor-element elementor-element-fd3a931 col-12 col-md-5 col-lg-6 elementor-widget elementor-widget-image\" data-id=\"fd3a931\" data-element_type=\"widget\" data-widget_type=\"image.default\">\n\t\t\t\t<div class=\"elementor-widget-container\">\n\t\t\t\t\t\t\t\t\t\t\t\t\t\t\t<img loading=\"lazy\" decoding=\"async\" width=\"600\" height=\"600\" src=\"https:\/\/www.altior.global\/wp-content\/uploads\/2024\/12\/Services-1-600x600.jpg\" class=\"attachment-card-square size-card-square wp-image-1044\" alt=\"\" srcset=\"https:\/\/www.altior.global\/wp-content\/uploads\/2024\/12\/Services-1-600x600.jpg 600w, https:\/\/www.altior.global\/wp-content\/uploads\/2024\/12\/Services-1-150x150.jpg 150w\" sizes=\"(max-width: 600px) 100vw, 600px\" \/>\t\t\t\t\t\t\t\t\t\t\t\t\t\t\t<\/div>\n\t\t\t\t<\/div>\n\t\t\t\t<div class=\"elementor-element elementor-element-2314d71 col-12 col-md-7 col-lg-6 elementor-widget elementor-widget-text-editor\" data-id=\"2314d71\" data-element_type=\"widget\" data-widget_type=\"text-editor.default\">\n\t\t\t\t<div class=\"elementor-widget-container\">\n\t\t\t\t\t\t\t\t\t<h2>Nos Services<\/h2><p>Parce que nous voulons profond\u00e9ment et sinc\u00e8rement transformer la vie des gens, nous avons cr\u00e9e un environment propice \u00e0 la haute performance pour vous, votre \u00e9quipe et vos projets. Nos services sont adapt\u00e9s \u00e0 vos besoins, que vous soyez dirigeant, manager d&rsquo;\u00e9quipe de haute performance, athl\u00e8te ou artiste.<\/p><p>Gr\u00e2ce \u00e0 notre m\u00e9thode \u201cParcours de Haute Performance\u201d qui r\u00e9unit coaching, conf\u00e9rences avec des talents, experts, \u00e9valuations mentales et ateliers, nous vous donnons les cl\u00e9s pour \u00e9lever votre jeu \u00e0 un niveau que vous ne pensiez pas atteignable.<\/p>\t\t\t\t\t\t\t\t<\/div>\n\t\t\t\t<\/div>\n\t\t\t\t\t<\/div>\n\t\t\t\t<\/div>\n\t\t<div class=\"elementor-element elementor-element-703f199 container-xxl e-flex e-con-boxed e-con e-parent\" data-id=\"703f199\" data-element_type=\"container\">\n\t\t\t\t\t<div class=\"e-con-inner\">\n\t\t<div class=\"elementor-element elementor-element-28bf4d7 e-con-full col-lg-10 offset-lg-1 e-flex e-con e-child\" data-id=\"28bf4d7\" data-element_type=\"container\">\n\t\t\t\t<div class=\"elementor-element elementor-element-de47eda col-12 elementor-widget elementor-widget-image\" data-id=\"de47eda\" data-element_type=\"widget\" data-widget_type=\"image.default\">\n\t\t\t\t<div class=\"elementor-widget-container\">\n\t\t\t\t\t\t\t\t\t\t\t\t<figure class=\"wp-caption\">\n\t\t\t\t\t\t\t\t\t\t<img loading=\"lazy\" decoding=\"async\" width=\"1024\" height=\"556\" src=\"https:\/\/www.altior.global\/wp-content\/uploads\/2024\/12\/Citation-1-1600x869.jpg\" class=\"attachment-large size-large wp-image-1038\" alt=\"\" srcset=\"https:\/\/www.altior.global\/wp-content\/uploads\/2024\/12\/Citation-1-1600x869.jpg 1600w, https:\/\/www.altior.global\/wp-content\/uploads\/2024\/12\/Citation-1-800x435.jpg 800w, https:\/\/www.altior.global\/wp-content\/uploads\/2024\/12\/Citation-1-768x417.jpg 768w, https:\/\/www.altior.global\/wp-content\/uploads\/2024\/12\/Citation-1-1536x834.jpg 1536w, https:\/\/www.altior.global\/wp-content\/uploads\/2024\/12\/Citation-1-400x217.jpg 400w, https:\/\/www.altior.global\/wp-content\/uploads\/2024\/12\/Citation-1.jpg 1920w\" sizes=\"(max-width: 1024px) 100vw, 1024px\" \/>\t\t\t\t\t\t\t\t\t\t\t<figcaption class=\"widget-image-caption wp-caption-text\"><\/figcaption>\n\t\t\t\t\t\t\t\t\t\t<\/figure>\n\t\t\t\t\t\t\t\t\t<\/div>\n\t\t\t\t<\/div>\n\t\t\t\t<div class=\"elementor-element elementor-element-e6275e0 elementor-widget elementor-widget-text-editor\" data-id=\"e6275e0\" data-element_type=\"widget\" data-widget_type=\"text-editor.default\">\n\t\t\t\t<div class=\"elementor-widget-container\">\n\t\t\t\t\t\t\t\t\t<p class=\"display\" style=\"margin: 0;line-height: 1.1; text-align: center;\">\u201cLe g\u00e9nie est dans l&rsquo;id\u00e9e. L&rsquo;impact, cependant, vient de l&rsquo;action.\u201d<\/p>\n<p class=\"small\" style=\"text-align: center;\">SIMON SINEK<\/p>\t\t\t\t\t\t\t\t<\/div>\n\t\t\t\t<\/div>\n\t\t\t\t<\/div>\n\t\t\t\t\t<\/div>\n\t\t\t\t<\/div>\n\t\t\t\t<\/div>\n\t\t","protected":false},"excerpt":{"rendered":"<p>Un jeune cabinet avec une \u00e2me. Altior est une Agence de Haute Performance comme vous ne l\u2019avez jamais vu auparavant.\u200b Nous rassemblons des coachs multilingues issus de diverses sp\u00e9cialit\u00e9s et bas\u00e9s dans plusieurs pays, pour nous concentrer exclusivement sur les athl\u00e8tes de toutes les ar\u00e8nes : les chefs de file et employ\u00e9(e)s de haute performance, [&hellip;]<\/p>\n","protected":false},"author":1,"featured_media":0,"parent":0,"menu_order":0,"comment_status":"closed","ping_status":"closed","template":"page-templates\/homepage.php","meta":{"footnotes":""},"class_list":["post-2","page","type-page","status-publish","hentry"],"yoast_head":"<!-- This site is optimized with the Yoast SEO plugin v26.2 - https:\/\/yoast.com\/wordpress\/plugins\/seo\/ -->\n<title>Le bien-\u00eatre comme moteur de performance. - Altior Global<\/title>\n<meta name=\"robots\" content=\"index, follow, max-snippet:-1, max-image-preview:large, max-video-preview:-1\" \/>\n<link rel=\"canonical\" href=\"https:\/\/www.altior.global\/fr\/\" \/>\n<meta property=\"og:locale\" content=\"fr_FR\" \/>\n<meta property=\"og:type\" content=\"article\" \/>\n<meta property=\"og:title\" content=\"Le bien-\u00eatre comme moteur de performance. - Altior Global\" \/>\n<meta property=\"og:description\" content=\"Un jeune cabinet avec une \u00e2me. Altior est une Agence de Haute Performance comme vous ne l\u2019avez jamais vu auparavant.\u200b Nous rassemblons des coachs multilingues issus de diverses sp\u00e9cialit\u00e9s et bas\u00e9s dans plusieurs pays, pour nous concentrer exclusivement sur les athl\u00e8tes de toutes les ar\u00e8nes : les chefs de file et employ\u00e9(e)s de haute performance, [&hellip;]\" \/>\n<meta property=\"og:url\" content=\"https:\/\/www.altior.global\/fr\/\" \/>\n<meta property=\"og:site_name\" content=\"Altior Global\" \/>\n<meta property=\"article:modified_time\" content=\"2024-12-29T14:15:18+00:00\" \/>\n<meta property=\"og:image\" content=\"https:\/\/www.altior.global\/wp-content\/uploads\/2024\/12\/Hero-7.jpg\" \/>\n<meta name=\"twitter:card\" content=\"summary_large_image\" \/>\n<meta name=\"twitter:label1\" content=\"Dur\u00e9e de lecture estim\u00e9e\" \/>\n\t<meta name=\"twitter:data1\" content=\"4 minutes\" \/>\n<script type=\"application\/ld+json\" class=\"yoast-schema-graph\">{\"@context\":\"https:\/\/schema.org\",\"@graph\":[{\"@type\":\"WebPage\",\"@id\":\"https:\/\/www.altior.global\/fr\/\",\"url\":\"https:\/\/www.altior.global\/fr\/\",\"name\":\"Le bien-\u00eatre comme moteur de performance. - Altior Global\",\"isPartOf\":{\"@id\":\"https:\/\/www.altior.global\/fr\/#website\"},\"primaryImageOfPage\":{\"@id\":\"https:\/\/www.altior.global\/fr\/#primaryimage\"},\"image\":{\"@id\":\"https:\/\/www.altior.global\/fr\/#primaryimage\"},\"thumbnailUrl\":\"https:\/\/www.altior.global\/wp-content\/uploads\/2024\/12\/Hero-7.jpg\",\"datePublished\":\"2024-12-12T18:26:32+00:00\",\"dateModified\":\"2024-12-29T14:15:18+00:00\",\"breadcrumb\":{\"@id\":\"https:\/\/www.altior.global\/fr\/#breadcrumb\"},\"inLanguage\":\"fr-FR\",\"potentialAction\":[{\"@type\":\"ReadAction\",\"target\":[\"https:\/\/www.altior.global\/fr\/\"]}]},{\"@type\":\"ImageObject\",\"inLanguage\":\"fr-FR\",\"@id\":\"https:\/\/www.altior.global\/fr\/#primaryimage\",\"url\":\"https:\/\/www.altior.global\/wp-content\/uploads\/2024\/12\/Hero-7.jpg\",\"contentUrl\":\"https:\/\/www.altior.global\/wp-content\/uploads\/2024\/12\/Hero-7.jpg\"},{\"@type\":\"BreadcrumbList\",\"@id\":\"https:\/\/www.altior.global\/fr\/#breadcrumb\",\"itemListElement\":[{\"@type\":\"ListItem\",\"position\":1,\"name\":\"Home\",\"item\":\"https:\/\/www.altior.global\/fr\/\"},{\"@type\":\"ListItem\",\"position\":2,\"name\":\"Le bien-\u00eatre comme moteur de performance.\"}]},{\"@type\":\"WebSite\",\"@id\":\"https:\/\/www.altior.global\/fr\/#website\",\"url\":\"https:\/\/www.altior.global\/fr\/\",\"name\":\"Altior Global\",\"description\":\"\",\"potentialAction\":[{\"@type\":\"SearchAction\",\"target\":{\"@type\":\"EntryPoint\",\"urlTemplate\":\"https:\/\/www.altior.global\/fr\/?s={search_term_string}\"},\"query-input\":{\"@type\":\"PropertyValueSpecification\",\"valueRequired\":true,\"valueName\":\"search_term_string\"}}],\"inLanguage\":\"fr-FR\"}]}<\/script>\n<!-- \/ Yoast SEO plugin. -->","yoast_head_json":{"title":"Le bien-\u00eatre comme moteur de performance. - Altior Global","robots":{"index":"index","follow":"follow","max-snippet":"max-snippet:-1","max-image-preview":"max-image-preview:large","max-video-preview":"max-video-preview:-1"},"canonical":"https:\/\/www.altior.global\/fr\/","og_locale":"fr_FR","og_type":"article","og_title":"Le bien-\u00eatre comme moteur de performance. - Altior Global","og_description":"Un jeune cabinet avec une \u00e2me. Altior est une Agence de Haute Performance comme vous ne l\u2019avez jamais vu auparavant.\u200b Nous rassemblons des coachs multilingues issus de diverses sp\u00e9cialit\u00e9s et bas\u00e9s dans plusieurs pays, pour nous concentrer exclusivement sur les athl\u00e8tes de toutes les ar\u00e8nes : les chefs de file et employ\u00e9(e)s de haute performance, [&hellip;]","og_url":"https:\/\/www.altior.global\/fr\/","og_site_name":"Altior Global","article_modified_time":"2024-12-29T14:15:18+00:00","og_image":[{"url":"https:\/\/www.altior.global\/wp-content\/uploads\/2024\/12\/Hero-7.jpg","type":"","width":"","height":""}],"twitter_card":"summary_large_image","twitter_misc":{"Dur\u00e9e de lecture estim\u00e9e":"4 minutes"},"schema":{"@context":"https:\/\/schema.org","@graph":[{"@type":"WebPage","@id":"https:\/\/www.altior.global\/fr\/","url":"https:\/\/www.altior.global\/fr\/","name":"Le bien-\u00eatre comme moteur de performance. - Altior Global","isPartOf":{"@id":"https:\/\/www.altior.global\/fr\/#website"},"primaryImageOfPage":{"@id":"https:\/\/www.altior.global\/fr\/#primaryimage"},"image":{"@id":"https:\/\/www.altior.global\/fr\/#primaryimage"},"thumbnailUrl":"https:\/\/www.altior.global\/wp-content\/uploads\/2024\/12\/Hero-7.jpg","datePublished":"2024-12-12T18:26:32+00:00","dateModified":"2024-12-29T14:15:18+00:00","breadcrumb":{"@id":"https:\/\/www.altior.global\/fr\/#breadcrumb"},"inLanguage":"fr-FR","potentialAction":[{"@type":"ReadAction","target":["https:\/\/www.altior.global\/fr\/"]}]},{"@type":"ImageObject","inLanguage":"fr-FR","@id":"https:\/\/www.altior.global\/fr\/#primaryimage","url":"https:\/\/www.altior.global\/wp-content\/uploads\/2024\/12\/Hero-7.jpg","contentUrl":"https:\/\/www.altior.global\/wp-content\/uploads\/2024\/12\/Hero-7.jpg"},{"@type":"BreadcrumbList","@id":"https:\/\/www.altior.global\/fr\/#breadcrumb","itemListElement":[{"@type":"ListItem","position":1,"name":"Home","item":"https:\/\/www.altior.global\/fr\/"},{"@type":"ListItem","position":2,"name":"Le bien-\u00eatre comme moteur de performance."}]},{"@type":"WebSite","@id":"https:\/\/www.altior.global\/fr\/#website","url":"https:\/\/www.altior.global\/fr\/","name":"Altior Global","description":"","potentialAction":[{"@type":"SearchAction","target":{"@type":"EntryPoint","urlTemplate":"https:\/\/www.altior.global\/fr\/?s={search_term_string}"},"query-input":{"@type":"PropertyValueSpecification","valueRequired":true,"valueName":"search_term_string"}}],"inLanguage":"fr-FR"}]}},"_links":{"self":[{"href":"https:\/\/www.altior.global\/fr\/wp-json\/wp\/v2\/pages\/2","targetHints":{"allow":["GET"]}}],"collection":[{"href":"https:\/\/www.altior.global\/fr\/wp-json\/wp\/v2\/pages"}],"about":[{"href":"https:\/\/www.altior.global\/fr\/wp-json\/wp\/v2\/types\/page"}],"author":[{"embeddable":true,"href":"https:\/\/www.altior.global\/fr\/wp-json\/wp\/v2\/users\/1"}],"replies":[{"embeddable":true,"href":"https:\/\/www.altior.global\/fr\/wp-json\/wp\/v2\/comments?post=2"}],"version-history":[{"count":203,"href":"https:\/\/www.altior.global\/fr\/wp-json\/wp\/v2\/pages\/2\/revisions"}],"predecessor-version":[{"id":1485,"href":"https:\/\/www.altior.global\/fr\/wp-json\/wp\/v2\/pages\/2\/revisions\/1485"}],"wp:attachment":[{"href":"https:\/\/www.altior.global\/fr\/wp-json\/wp\/v2\/media?parent=2"}],"curies":[{"name":"wp","href":"https:\/\/api.w.org\/{rel}","templated":true}]}}