{"id":560,"date":"2024-12-12T19:26:32","date_gmt":"2024-12-12T18:26:32","guid":{"rendered":"https:\/\/www.altior.global\/homepage\/"},"modified":"2024-12-29T15:15:25","modified_gmt":"2024-12-29T14:15:25","slug":"homepage","status":"publish","type":"page","link":"https:\/\/www.altior.global\/es\/","title":{"rendered":"El bienestar como motor del rendimiento."},"content":{"rendered":"\t\t<div data-elementor-type=\"wp-page\" data-elementor-id=\"560\" class=\"elementor elementor-560 elementor-2\" data-elementor-post-type=\"page\">\n\t\t\t\t<div class=\"elementor-element elementor-element-5b36863e container-xxl e-flex e-con-boxed e-con e-parent\" data-id=\"5b36863e\" data-element_type=\"container\">\n\t\t\t\t\t<div class=\"e-con-inner\">\n\t\t<div class=\"elementor-element elementor-element-fece979 e-con-full col-12 col-lg-10 offset-lg-1 e-flex e-con e-child\" data-id=\"fece979\" data-element_type=\"container\">\n\t\t\t\t<div class=\"elementor-element elementor-element-aa5ccf0 elementor-widget elementor-widget-stereoweb-image-slider\" data-id=\"aa5ccf0\" data-element_type=\"widget\" data-widget_type=\"stereoweb-image-slider.default\">\n\t\t\t\t<div class=\"elementor-widget-container\">\n\t\t\t\t\t        <div class=\"stereoweb-image-slider__wrapper col-12\">\n            <div class=\"splide\"\n                 data-per-page=\"1\"\n                 data-pagination=\"2000\"\n                 data-interval=\"3000\">\n                <div class=\"splide__track horizontal-16-9\" data-splide-el=\"track\">\n                    <div class=\"splide__list\">\n                        \n                             <div class=\"splide__slide\">\n                                 <img fetchpriority=\"high\" width=\"1920\" height=\"1043\" src=\"https:\/\/www.altior.global\/wp-content\/uploads\/2024\/12\/Hero-7.jpg\" class=\"attachment-horizontal-16-9 size-horizontal-16-9\" alt=\"\" decoding=\"sync\" loading=\"eager\" srcset=\"https:\/\/www.altior.global\/wp-content\/uploads\/2024\/12\/Hero-7.jpg 1920w, https:\/\/www.altior.global\/wp-content\/uploads\/2024\/12\/Hero-7-800x435.jpg 800w, https:\/\/www.altior.global\/wp-content\/uploads\/2024\/12\/Hero-7-1600x869.jpg 1600w, https:\/\/www.altior.global\/wp-content\/uploads\/2024\/12\/Hero-7-768x417.jpg 768w, https:\/\/www.altior.global\/wp-content\/uploads\/2024\/12\/Hero-7-1536x834.jpg 1536w, https:\/\/www.altior.global\/wp-content\/uploads\/2024\/12\/Hero-7-400x217.jpg 400w\" sizes=\"(max-width: 1920px) 100vw, 1920px\" \/>\n                             <\/div>\n                        \n                             <div class=\"splide__slide\">\n                                 <img width=\"1920\" height=\"1043\" src=\"https:\/\/www.altior.global\/wp-content\/uploads\/2024\/12\/Hero-6-1-1.jpg\" class=\"attachment-horizontal-16-9 size-horizontal-16-9\" alt=\"\" decoding=\"sync\" loading=\"eager\" srcset=\"https:\/\/www.altior.global\/wp-content\/uploads\/2024\/12\/Hero-6-1-1.jpg 1920w, https:\/\/www.altior.global\/wp-content\/uploads\/2024\/12\/Hero-6-1-1-800x435.jpg 800w, https:\/\/www.altior.global\/wp-content\/uploads\/2024\/12\/Hero-6-1-1-1600x869.jpg 1600w, https:\/\/www.altior.global\/wp-content\/uploads\/2024\/12\/Hero-6-1-1-768x417.jpg 768w, https:\/\/www.altior.global\/wp-content\/uploads\/2024\/12\/Hero-6-1-1-1536x834.jpg 1536w, https:\/\/www.altior.global\/wp-content\/uploads\/2024\/12\/Hero-6-1-1-400x217.jpg 400w\" sizes=\"(max-width: 1920px) 100vw, 1920px\" \/>\n                             <\/div>\n                        \n                             <div class=\"splide__slide\">\n                                 <img width=\"1920\" height=\"1043\" src=\"https:\/\/www.altior.global\/wp-content\/uploads\/2024\/12\/Hero-5-1-1.jpg\" class=\"attachment-horizontal-16-9 size-horizontal-16-9\" alt=\"\" decoding=\"sync\" loading=\"eager\" srcset=\"https:\/\/www.altior.global\/wp-content\/uploads\/2024\/12\/Hero-5-1-1.jpg 1920w, https:\/\/www.altior.global\/wp-content\/uploads\/2024\/12\/Hero-5-1-1-800x435.jpg 800w, https:\/\/www.altior.global\/wp-content\/uploads\/2024\/12\/Hero-5-1-1-1600x869.jpg 1600w, https:\/\/www.altior.global\/wp-content\/uploads\/2024\/12\/Hero-5-1-1-768x417.jpg 768w, https:\/\/www.altior.global\/wp-content\/uploads\/2024\/12\/Hero-5-1-1-1536x834.jpg 1536w, https:\/\/www.altior.global\/wp-content\/uploads\/2024\/12\/Hero-5-1-1-400x217.jpg 400w\" sizes=\"(max-width: 1920px) 100vw, 1920px\" \/>\n                             <\/div>\n                        \n                             <div class=\"splide__slide\">\n                                 <img width=\"1920\" height=\"1043\" src=\"https:\/\/www.altior.global\/wp-content\/uploads\/2024\/12\/Hero-4-1-1.jpg\" class=\"attachment-horizontal-16-9 size-horizontal-16-9\" alt=\"\" decoding=\"sync\" loading=\"eager\" srcset=\"https:\/\/www.altior.global\/wp-content\/uploads\/2024\/12\/Hero-4-1-1.jpg 1920w, https:\/\/www.altior.global\/wp-content\/uploads\/2024\/12\/Hero-4-1-1-800x435.jpg 800w, https:\/\/www.altior.global\/wp-content\/uploads\/2024\/12\/Hero-4-1-1-1600x869.jpg 1600w, https:\/\/www.altior.global\/wp-content\/uploads\/2024\/12\/Hero-4-1-1-768x417.jpg 768w, https:\/\/www.altior.global\/wp-content\/uploads\/2024\/12\/Hero-4-1-1-1536x834.jpg 1536w, https:\/\/www.altior.global\/wp-content\/uploads\/2024\/12\/Hero-4-1-1-400x217.jpg 400w\" sizes=\"(max-width: 1920px) 100vw, 1920px\" \/>\n                             <\/div>\n                        \n                             <div class=\"splide__slide\">\n                                 <img width=\"1920\" height=\"1043\" src=\"https:\/\/www.altior.global\/wp-content\/uploads\/2024\/12\/Hero-3-1-2.jpg\" class=\"attachment-horizontal-16-9 size-horizontal-16-9\" alt=\"\" decoding=\"sync\" loading=\"eager\" srcset=\"https:\/\/www.altior.global\/wp-content\/uploads\/2024\/12\/Hero-3-1-2.jpg 1920w, https:\/\/www.altior.global\/wp-content\/uploads\/2024\/12\/Hero-3-1-2-800x435.jpg 800w, https:\/\/www.altior.global\/wp-content\/uploads\/2024\/12\/Hero-3-1-2-1600x869.jpg 1600w, https:\/\/www.altior.global\/wp-content\/uploads\/2024\/12\/Hero-3-1-2-768x417.jpg 768w, https:\/\/www.altior.global\/wp-content\/uploads\/2024\/12\/Hero-3-1-2-1536x834.jpg 1536w, https:\/\/www.altior.global\/wp-content\/uploads\/2024\/12\/Hero-3-1-2-400x217.jpg 400w\" sizes=\"(max-width: 1920px) 100vw, 1920px\" \/>\n                             <\/div>\n                        \n                             <div class=\"splide__slide\">\n                                 <img width=\"1920\" height=\"1043\" src=\"https:\/\/www.altior.global\/wp-content\/uploads\/2024\/12\/Hero-2-1-2.jpg\" class=\"attachment-horizontal-16-9 size-horizontal-16-9\" alt=\"\" decoding=\"sync\" loading=\"eager\" srcset=\"https:\/\/www.altior.global\/wp-content\/uploads\/2024\/12\/Hero-2-1-2.jpg 1920w, https:\/\/www.altior.global\/wp-content\/uploads\/2024\/12\/Hero-2-1-2-800x435.jpg 800w, https:\/\/www.altior.global\/wp-content\/uploads\/2024\/12\/Hero-2-1-2-1600x869.jpg 1600w, https:\/\/www.altior.global\/wp-content\/uploads\/2024\/12\/Hero-2-1-2-768x417.jpg 768w, https:\/\/www.altior.global\/wp-content\/uploads\/2024\/12\/Hero-2-1-2-1536x834.jpg 1536w, https:\/\/www.altior.global\/wp-content\/uploads\/2024\/12\/Hero-2-1-2-400x217.jpg 400w\" sizes=\"(max-width: 1920px) 100vw, 1920px\" \/>\n                             <\/div>\n                        \n                    <\/div>\n                <\/div>\n            <\/div>\n        <\/div>\n\t\t\t\t<\/div>\n\t\t\t\t<\/div>\n\t\t\t\t<\/div>\n\t\t\t\t\t<\/div>\n\t\t\t\t<\/div>\n\t\t<div class=\"elementor-element elementor-element-82342e1 container-xxl e-flex e-con-boxed e-con e-parent\" data-id=\"82342e1\" data-element_type=\"container\">\n\t\t\t\t\t<div class=\"e-con-inner\">\n\t\t<div class=\"elementor-element elementor-element-53661db e-con-full col-12 col-md-10 offset-md-1 col-lg-8 offset-lg-2 e-flex e-con e-child\" data-id=\"53661db\" data-element_type=\"container\">\n\t\t\t\t<div class=\"elementor-element elementor-element-7e4e764b elementor-widget elementor-widget-text-editor\" data-id=\"7e4e764b\" data-element_type=\"widget\" data-widget_type=\"text-editor.default\">\n\t\t\t\t<div class=\"elementor-widget-container\">\n\t\t\t\t\t\t\t\t\t<p class=\"h1 mt-5\" style=\"text-align: center;\">Una firma joven con alma vieja.<\/p><h3 class=\"h2 mt-4 mb-5\" style=\"text-align: center;\">Altior es una Agencia de Alto Rendimiento como como nunca antes se hab\u00eda visto.\u200b<\/h3><p>Reunimos a coaches mentales de varios pa\u00edses y multiling\u00fces, para centrarnos exclusivamente en atletas de todos los \u00e1mbitos: l\u00edderes y perfiles de alto rendimiento, deportistas de \u00e9lite y los l\u00edderes en su industria.<\/p><p>Nuestros clientes son considerados a menudo como los m\u00e1s ecl\u00e9cticos; piensan diferente, quieren tener un impacto positivo en el planeta.<\/p><p>Para llevar a nuestros clientes al siguiente nivel en su carrera, nuestro servicio se basa en un programa \u00fanico que captura un enfoque hol\u00edstico: Mente &#8211; Cuerpo &#8211; Coraz\u00f3n &#8211; Esp\u00edritu<\/p>\t\t\t\t\t\t\t\t<\/div>\n\t\t\t\t<\/div>\n\t\t\t\t<\/div>\n\t\t<div class=\"elementor-element elementor-element-a7bb948 e-con-full col-12 col-md-10 offset-md-1 col-lg-8 offset-lg-2 e-flex e-con e-child\" data-id=\"a7bb948\" data-element_type=\"container\">\n\t\t<div class=\"elementor-element elementor-element-05447d7 e-con-full col-6 col-md-3 e-flex e-con e-child\" data-id=\"05447d7\" data-element_type=\"container\">\n\t\t\t\t<div class=\"elementor-element elementor-element-019b38b elementor-widget elementor-widget-image\" data-id=\"019b38b\" data-element_type=\"widget\" data-widget_type=\"image.default\">\n\t\t\t\t<div class=\"elementor-widget-container\">\n\t\t\t\t\t\t\t\t\t\t\t\t\t\t\t<img decoding=\"async\" width=\"482\" height=\"428\" src=\"https:\/\/www.altior.global\/wp-content\/uploads\/2024\/12\/mind.png\" class=\"attachment-large size-large wp-image-189\" alt=\"\" srcset=\"https:\/\/www.altior.global\/wp-content\/uploads\/2024\/12\/mind.png 482w, https:\/\/www.altior.global\/wp-content\/uploads\/2024\/12\/mind-400x355.png 400w\" sizes=\"(max-width: 482px) 100vw, 482px\" \/>\t\t\t\t\t\t\t\t\t\t\t\t\t\t\t<\/div>\n\t\t\t\t<\/div>\n\t\t\t\t<div class=\"elementor-element elementor-element-1f3d486 elementor-widget elementor-widget-text-editor\" data-id=\"1f3d486\" data-element_type=\"widget\" data-widget_type=\"text-editor.default\">\n\t\t\t\t<div class=\"elementor-widget-container\">\n\t\t\t\t\t\t\t\t\t<p style=\"text-align: center;\">MENTE<\/p>\t\t\t\t\t\t\t\t<\/div>\n\t\t\t\t<\/div>\n\t\t\t\t<\/div>\n\t\t<div class=\"elementor-element elementor-element-7e007a7 e-con-full col-6 col-md-3 e-flex e-con e-child\" data-id=\"7e007a7\" data-element_type=\"container\">\n\t\t\t\t<div class=\"elementor-element elementor-element-54a1fce elementor-widget elementor-widget-image\" data-id=\"54a1fce\" data-element_type=\"widget\" data-widget_type=\"image.default\">\n\t\t\t\t<div class=\"elementor-widget-container\">\n\t\t\t\t\t\t\t\t\t\t\t\t\t\t\t<img decoding=\"async\" width=\"482\" height=\"428\" src=\"https:\/\/www.altior.global\/wp-content\/uploads\/2024\/12\/body.png\" class=\"attachment-large size-large wp-image-183\" alt=\"\" srcset=\"https:\/\/www.altior.global\/wp-content\/uploads\/2024\/12\/body.png 482w, https:\/\/www.altior.global\/wp-content\/uploads\/2024\/12\/body-400x355.png 400w\" sizes=\"(max-width: 482px) 100vw, 482px\" \/>\t\t\t\t\t\t\t\t\t\t\t\t\t\t\t<\/div>\n\t\t\t\t<\/div>\n\t\t\t\t<div class=\"elementor-element elementor-element-655b889 elementor-widget elementor-widget-text-editor\" data-id=\"655b889\" data-element_type=\"widget\" data-widget_type=\"text-editor.default\">\n\t\t\t\t<div class=\"elementor-widget-container\">\n\t\t\t\t\t\t\t\t\t<p style=\"text-align: center;\">CUERPO<\/p>\t\t\t\t\t\t\t\t<\/div>\n\t\t\t\t<\/div>\n\t\t\t\t<\/div>\n\t\t<div class=\"elementor-element elementor-element-ce508d2 e-con-full col-6 col-md-3 e-flex e-con e-child\" data-id=\"ce508d2\" data-element_type=\"container\">\n\t\t\t\t<div class=\"elementor-element elementor-element-d9e094d elementor-widget elementor-widget-image\" data-id=\"d9e094d\" data-element_type=\"widget\" data-widget_type=\"image.default\">\n\t\t\t\t<div class=\"elementor-widget-container\">\n\t\t\t\t\t\t\t\t\t\t\t\t\t\t\t<img decoding=\"async\" width=\"482\" height=\"428\" src=\"https:\/\/www.altior.global\/wp-content\/uploads\/2024\/12\/heart.png\" class=\"attachment-large size-large wp-image-186\" alt=\"\" srcset=\"https:\/\/www.altior.global\/wp-content\/uploads\/2024\/12\/heart.png 482w, https:\/\/www.altior.global\/wp-content\/uploads\/2024\/12\/heart-400x355.png 400w\" sizes=\"(max-width: 482px) 100vw, 482px\" \/>\t\t\t\t\t\t\t\t\t\t\t\t\t\t\t<\/div>\n\t\t\t\t<\/div>\n\t\t\t\t<div class=\"elementor-element elementor-element-1a645c1 elementor-widget elementor-widget-text-editor\" data-id=\"1a645c1\" data-element_type=\"widget\" data-widget_type=\"text-editor.default\">\n\t\t\t\t<div class=\"elementor-widget-container\">\n\t\t\t\t\t\t\t\t\t<p style=\"text-align: center;\">CORAZ\u00d3N<\/p>\t\t\t\t\t\t\t\t<\/div>\n\t\t\t\t<\/div>\n\t\t\t\t<\/div>\n\t\t<div class=\"elementor-element elementor-element-36c21eb e-con-full col-6 col-md-3 e-flex e-con e-child\" data-id=\"36c21eb\" data-element_type=\"container\">\n\t\t\t\t<div class=\"elementor-element elementor-element-744e1c6 elementor-widget elementor-widget-image\" data-id=\"744e1c6\" data-element_type=\"widget\" data-widget_type=\"image.default\">\n\t\t\t\t<div class=\"elementor-widget-container\">\n\t\t\t\t\t\t\t\t\t\t\t\t\t\t\t<img loading=\"lazy\" decoding=\"async\" width=\"482\" height=\"428\" src=\"https:\/\/www.altior.global\/wp-content\/uploads\/2024\/12\/spirit.png\" class=\"attachment-large size-large wp-image-192\" alt=\"\" srcset=\"https:\/\/www.altior.global\/wp-content\/uploads\/2024\/12\/spirit.png 482w, https:\/\/www.altior.global\/wp-content\/uploads\/2024\/12\/spirit-400x355.png 400w\" sizes=\"(max-width: 482px) 100vw, 482px\" \/>\t\t\t\t\t\t\t\t\t\t\t\t\t\t\t<\/div>\n\t\t\t\t<\/div>\n\t\t\t\t<div class=\"elementor-element elementor-element-21a9382 elementor-widget elementor-widget-text-editor\" data-id=\"21a9382\" data-element_type=\"widget\" data-widget_type=\"text-editor.default\">\n\t\t\t\t<div class=\"elementor-widget-container\">\n\t\t\t\t\t\t\t\t\t<p style=\"text-align: center;\">ESP\u00cdRITU<\/p>\t\t\t\t\t\t\t\t<\/div>\n\t\t\t\t<\/div>\n\t\t\t\t<\/div>\n\t\t\t\t<\/div>\n\t\t\t\t\t<\/div>\n\t\t\t\t<\/div>\n\t\t<div class=\"elementor-element elementor-element-4726c3e container-xxl e-flex e-con-boxed e-con e-parent\" data-id=\"4726c3e\" data-element_type=\"container\">\n\t\t\t\t\t<div class=\"e-con-inner\">\n\t\t\t\t<div class=\"elementor-element elementor-element-fd3a931 col-12 col-md-5 col-lg-6 elementor-widget elementor-widget-image\" data-id=\"fd3a931\" data-element_type=\"widget\" data-widget_type=\"image.default\">\n\t\t\t\t<div class=\"elementor-widget-container\">\n\t\t\t\t\t\t\t\t\t\t\t\t\t\t\t<img loading=\"lazy\" decoding=\"async\" width=\"600\" height=\"600\" src=\"https:\/\/www.altior.global\/wp-content\/uploads\/2024\/12\/Services-1-600x600.jpg\" class=\"attachment-card-square size-card-square wp-image-1045\" alt=\"\" srcset=\"https:\/\/www.altior.global\/wp-content\/uploads\/2024\/12\/Services-1-600x600.jpg 600w, https:\/\/www.altior.global\/wp-content\/uploads\/2024\/12\/Services-1-150x150.jpg 150w\" sizes=\"(max-width: 600px) 100vw, 600px\" \/>\t\t\t\t\t\t\t\t\t\t\t\t\t\t\t<\/div>\n\t\t\t\t<\/div>\n\t\t\t\t<div class=\"elementor-element elementor-element-2314d71 col-12 col-md-7 col-lg-6 elementor-widget elementor-widget-text-editor\" data-id=\"2314d71\" data-element_type=\"widget\" data-widget_type=\"text-editor.default\">\n\t\t\t\t<div class=\"elementor-widget-container\">\n\t\t\t\t\t\t\t\t\t<h2>Nuestros Servicios<\/h2><p>Debido a que nuestro objetivo es transformar la vida de las personas, Altior crea un entorno en el que el \u00e9xito se vuelve inevitable para usted, su equipo y sus proyectos. Nuestros servicios se adaptan a sus necesidades, ya sea director ejecutivo, deportista, creativo o perfil de alto rendimiento.<\/p><p>Gracias al Programa de Alto Rendimiento de 360 \u00b0 que re\u00fane; coaching, conferencias con expertos y talentos en su \u00e1mbito, evaluaciones mentales y talleres, le damos las claves para elevar su juego a un nivel que nunca imagin\u00f3 alcanzable.<\/p>\t\t\t\t\t\t\t\t<\/div>\n\t\t\t\t<\/div>\n\t\t\t\t\t<\/div>\n\t\t\t\t<\/div>\n\t\t<div class=\"elementor-element elementor-element-703f199 container-xxl e-flex e-con-boxed e-con e-parent\" data-id=\"703f199\" data-element_type=\"container\">\n\t\t\t\t\t<div class=\"e-con-inner\">\n\t\t<div class=\"elementor-element elementor-element-28bf4d7 e-con-full col-lg-10 offset-lg-1 e-flex e-con e-child\" data-id=\"28bf4d7\" data-element_type=\"container\">\n\t\t\t\t<div class=\"elementor-element elementor-element-de47eda col-12 elementor-widget elementor-widget-image\" data-id=\"de47eda\" data-element_type=\"widget\" data-widget_type=\"image.default\">\n\t\t\t\t<div class=\"elementor-widget-container\">\n\t\t\t\t\t\t\t\t\t\t\t\t<figure class=\"wp-caption\">\n\t\t\t\t\t\t\t\t\t\t<img loading=\"lazy\" decoding=\"async\" width=\"1024\" height=\"556\" src=\"https:\/\/www.altior.global\/wp-content\/uploads\/2024\/12\/Citation-1-1600x869.jpg\" class=\"attachment-large size-large wp-image-1039\" alt=\"\" srcset=\"https:\/\/www.altior.global\/wp-content\/uploads\/2024\/12\/Citation-1-1600x869.jpg 1600w, https:\/\/www.altior.global\/wp-content\/uploads\/2024\/12\/Citation-1-800x435.jpg 800w, https:\/\/www.altior.global\/wp-content\/uploads\/2024\/12\/Citation-1-768x417.jpg 768w, https:\/\/www.altior.global\/wp-content\/uploads\/2024\/12\/Citation-1-1536x834.jpg 1536w, https:\/\/www.altior.global\/wp-content\/uploads\/2024\/12\/Citation-1-400x217.jpg 400w, https:\/\/www.altior.global\/wp-content\/uploads\/2024\/12\/Citation-1.jpg 1920w\" sizes=\"(max-width: 1024px) 100vw, 1024px\" \/>\t\t\t\t\t\t\t\t\t\t\t<figcaption class=\"widget-image-caption wp-caption-text\"><\/figcaption>\n\t\t\t\t\t\t\t\t\t\t<\/figure>\n\t\t\t\t\t\t\t\t\t<\/div>\n\t\t\t\t<\/div>\n\t\t\t\t<div class=\"elementor-element elementor-element-e6275e0 elementor-widget elementor-widget-text-editor\" data-id=\"e6275e0\" data-element_type=\"widget\" data-widget_type=\"text-editor.default\">\n\t\t\t\t<div class=\"elementor-widget-container\">\n\t\t\t\t\t\t\t\t\t<p class=\"display\" style=\"margin: 0; line-height: 1.1; text-align: center;\">\u201cEl genio est\u00e1 en la idea. El impacto, sin embargo, proviene de la acci\u00f3n.\u201d<\/p><p class=\"small\" style=\"text-align: center;\">SIMON SINEK<\/p>\t\t\t\t\t\t\t\t<\/div>\n\t\t\t\t<\/div>\n\t\t\t\t<\/div>\n\t\t\t\t\t<\/div>\n\t\t\t\t<\/div>\n\t\t\t\t<\/div>\n\t\t","protected":false},"excerpt":{"rendered":"<p>Una firma joven con alma vieja. Altior es una Agencia de Alto Rendimiento como como nunca antes se hab\u00eda visto.\u200b Reunimos a coaches mentales de varios pa\u00edses y multiling\u00fces, para centrarnos exclusivamente en atletas de todos los \u00e1mbitos: l\u00edderes y perfiles de alto rendimiento, deportistas de \u00e9lite y los l\u00edderes en su industria. Nuestros clientes [&hellip;]<\/p>\n","protected":false},"author":1,"featured_media":0,"parent":0,"menu_order":0,"comment_status":"closed","ping_status":"closed","template":"page-templates\/homepage.php","meta":{"footnotes":""},"class_list":["post-560","page","type-page","status-publish","hentry"],"yoast_head":"<!-- This site is optimized with the Yoast SEO plugin v26.2 - https:\/\/yoast.com\/wordpress\/plugins\/seo\/ -->\n<title>El bienestar como motor del rendimiento. - Altior Global<\/title>\n<meta name=\"robots\" content=\"index, follow, max-snippet:-1, max-image-preview:large, max-video-preview:-1\" \/>\n<link rel=\"canonical\" href=\"https:\/\/www.altior.global\/es\/\" \/>\n<meta property=\"og:locale\" content=\"es_ES\" \/>\n<meta property=\"og:type\" content=\"article\" \/>\n<meta property=\"og:title\" content=\"El bienestar como motor del rendimiento. - Altior Global\" \/>\n<meta property=\"og:description\" content=\"Una firma joven con alma vieja. Altior es una Agencia de Alto Rendimiento como como nunca antes se hab\u00eda visto.\u200b Reunimos a coaches mentales de varios pa\u00edses y multiling\u00fces, para centrarnos exclusivamente en atletas de todos los \u00e1mbitos: l\u00edderes y perfiles de alto rendimiento, deportistas de \u00e9lite y los l\u00edderes en su industria. Nuestros clientes [&hellip;]\" \/>\n<meta property=\"og:url\" content=\"https:\/\/www.altior.global\/es\/\" \/>\n<meta property=\"og:site_name\" content=\"Altior Global\" \/>\n<meta property=\"article:modified_time\" content=\"2024-12-29T14:15:25+00:00\" \/>\n<meta property=\"og:image\" content=\"https:\/\/www.altior.global\/wp-content\/uploads\/2024\/12\/Hero-7.jpg\" \/>\n<meta name=\"twitter:card\" content=\"summary_large_image\" \/>\n<meta name=\"twitter:label1\" content=\"Tiempo de lectura\" \/>\n\t<meta name=\"twitter:data1\" content=\"4 minutos\" \/>\n<script type=\"application\/ld+json\" class=\"yoast-schema-graph\">{\"@context\":\"https:\/\/schema.org\",\"@graph\":[{\"@type\":\"WebPage\",\"@id\":\"https:\/\/www.altior.global\/es\/\",\"url\":\"https:\/\/www.altior.global\/es\/\",\"name\":\"El bienestar como motor del rendimiento. - Altior Global\",\"isPartOf\":{\"@id\":\"https:\/\/www.altior.global\/es\/#website\"},\"primaryImageOfPage\":{\"@id\":\"https:\/\/www.altior.global\/es\/#primaryimage\"},\"image\":{\"@id\":\"https:\/\/www.altior.global\/es\/#primaryimage\"},\"thumbnailUrl\":\"https:\/\/www.altior.global\/wp-content\/uploads\/2024\/12\/Hero-7.jpg\",\"datePublished\":\"2024-12-12T18:26:32+00:00\",\"dateModified\":\"2024-12-29T14:15:25+00:00\",\"breadcrumb\":{\"@id\":\"https:\/\/www.altior.global\/es\/#breadcrumb\"},\"inLanguage\":\"es\",\"potentialAction\":[{\"@type\":\"ReadAction\",\"target\":[\"https:\/\/www.altior.global\/es\/\"]}]},{\"@type\":\"ImageObject\",\"inLanguage\":\"es\",\"@id\":\"https:\/\/www.altior.global\/es\/#primaryimage\",\"url\":\"https:\/\/www.altior.global\/wp-content\/uploads\/2024\/12\/Hero-7.jpg\",\"contentUrl\":\"https:\/\/www.altior.global\/wp-content\/uploads\/2024\/12\/Hero-7.jpg\"},{\"@type\":\"BreadcrumbList\",\"@id\":\"https:\/\/www.altior.global\/es\/#breadcrumb\",\"itemListElement\":[{\"@type\":\"ListItem\",\"position\":1,\"name\":\"Home\",\"item\":\"https:\/\/www.altior.global\/es\/\"},{\"@type\":\"ListItem\",\"position\":2,\"name\":\"El bienestar como motor del rendimiento.\"}]},{\"@type\":\"WebSite\",\"@id\":\"https:\/\/www.altior.global\/es\/#website\",\"url\":\"https:\/\/www.altior.global\/es\/\",\"name\":\"Altior Global\",\"description\":\"\",\"potentialAction\":[{\"@type\":\"SearchAction\",\"target\":{\"@type\":\"EntryPoint\",\"urlTemplate\":\"https:\/\/www.altior.global\/es\/?s={search_term_string}\"},\"query-input\":{\"@type\":\"PropertyValueSpecification\",\"valueRequired\":true,\"valueName\":\"search_term_string\"}}],\"inLanguage\":\"es\"}]}<\/script>\n<!-- \/ Yoast SEO plugin. -->","yoast_head_json":{"title":"El bienestar como motor del rendimiento. - Altior Global","robots":{"index":"index","follow":"follow","max-snippet":"max-snippet:-1","max-image-preview":"max-image-preview:large","max-video-preview":"max-video-preview:-1"},"canonical":"https:\/\/www.altior.global\/es\/","og_locale":"es_ES","og_type":"article","og_title":"El bienestar como motor del rendimiento. - Altior Global","og_description":"Una firma joven con alma vieja. Altior es una Agencia de Alto Rendimiento como como nunca antes se hab\u00eda visto.\u200b Reunimos a coaches mentales de varios pa\u00edses y multiling\u00fces, para centrarnos exclusivamente en atletas de todos los \u00e1mbitos: l\u00edderes y perfiles de alto rendimiento, deportistas de \u00e9lite y los l\u00edderes en su industria. Nuestros clientes [&hellip;]","og_url":"https:\/\/www.altior.global\/es\/","og_site_name":"Altior Global","article_modified_time":"2024-12-29T14:15:25+00:00","og_image":[{"url":"https:\/\/www.altior.global\/wp-content\/uploads\/2024\/12\/Hero-7.jpg","type":"","width":"","height":""}],"twitter_card":"summary_large_image","twitter_misc":{"Tiempo de lectura":"4 minutos"},"schema":{"@context":"https:\/\/schema.org","@graph":[{"@type":"WebPage","@id":"https:\/\/www.altior.global\/es\/","url":"https:\/\/www.altior.global\/es\/","name":"El bienestar como motor del rendimiento. - Altior Global","isPartOf":{"@id":"https:\/\/www.altior.global\/es\/#website"},"primaryImageOfPage":{"@id":"https:\/\/www.altior.global\/es\/#primaryimage"},"image":{"@id":"https:\/\/www.altior.global\/es\/#primaryimage"},"thumbnailUrl":"https:\/\/www.altior.global\/wp-content\/uploads\/2024\/12\/Hero-7.jpg","datePublished":"2024-12-12T18:26:32+00:00","dateModified":"2024-12-29T14:15:25+00:00","breadcrumb":{"@id":"https:\/\/www.altior.global\/es\/#breadcrumb"},"inLanguage":"es","potentialAction":[{"@type":"ReadAction","target":["https:\/\/www.altior.global\/es\/"]}]},{"@type":"ImageObject","inLanguage":"es","@id":"https:\/\/www.altior.global\/es\/#primaryimage","url":"https:\/\/www.altior.global\/wp-content\/uploads\/2024\/12\/Hero-7.jpg","contentUrl":"https:\/\/www.altior.global\/wp-content\/uploads\/2024\/12\/Hero-7.jpg"},{"@type":"BreadcrumbList","@id":"https:\/\/www.altior.global\/es\/#breadcrumb","itemListElement":[{"@type":"ListItem","position":1,"name":"Home","item":"https:\/\/www.altior.global\/es\/"},{"@type":"ListItem","position":2,"name":"El bienestar como motor del rendimiento."}]},{"@type":"WebSite","@id":"https:\/\/www.altior.global\/es\/#website","url":"https:\/\/www.altior.global\/es\/","name":"Altior Global","description":"","potentialAction":[{"@type":"SearchAction","target":{"@type":"EntryPoint","urlTemplate":"https:\/\/www.altior.global\/es\/?s={search_term_string}"},"query-input":{"@type":"PropertyValueSpecification","valueRequired":true,"valueName":"search_term_string"}}],"inLanguage":"es"}]}},"_links":{"self":[{"href":"https:\/\/www.altior.global\/es\/wp-json\/wp\/v2\/pages\/560","targetHints":{"allow":["GET"]}}],"collection":[{"href":"https:\/\/www.altior.global\/es\/wp-json\/wp\/v2\/pages"}],"about":[{"href":"https:\/\/www.altior.global\/es\/wp-json\/wp\/v2\/types\/page"}],"author":[{"embeddable":true,"href":"https:\/\/www.altior.global\/es\/wp-json\/wp\/v2\/users\/1"}],"replies":[{"embeddable":true,"href":"https:\/\/www.altior.global\/es\/wp-json\/wp\/v2\/comments?post=560"}],"version-history":[{"count":32,"href":"https:\/\/www.altior.global\/es\/wp-json\/wp\/v2\/pages\/560\/revisions"}],"predecessor-version":[{"id":1488,"href":"https:\/\/www.altior.global\/es\/wp-json\/wp\/v2\/pages\/560\/revisions\/1488"}],"wp:attachment":[{"href":"https:\/\/www.altior.global\/es\/wp-json\/wp\/v2\/media?parent=560"}],"curies":[{"name":"wp","href":"https:\/\/api.w.org\/{rel}","templated":true}]}}